{"id":5256,"date":"2019-07-04T13:15:29","date_gmt":"2019-07-04T11:15:29","guid":{"rendered":"https:\/\/dolgoziv.si\/?page_id=5256"},"modified":"2019-07-08T16:08:55","modified_gmt":"2019-07-08T14:08:55","slug":"home","status":"publish","type":"page","link":"https:\/\/dolgoziv.si\/es\/","title":{"rendered":"Inicio"},"content":{"rendered":"<p>[vc_row equal_height=&#8221;yes&#8221;][vc_column width=&#8221;4\/12&#8243;][vc_column_text]<\/p>\n<h4 style=\"font-family: Georgia, 'Times New Roman', 'Bitstream Charter', Times, serif; color: #333333;\"><span style=\"font-size: 20px;\"><strong>\u00a1Entrega en todo el mundo!<\/strong><\/span><\/h4>\n<p><img class=\"aligncenter wp-image-5089\" src=\"https:\/\/dolgoziv.si\/wp-content\/uploads\/2019\/05\/worldwide.png\" alt=\"\" width=\"150\" height=\"100\" \/><\/p>\n<p><span style=\"font-size: 14px;\">Estamos muy contentos de informarle que dolgoziv.si ahora <strong>env\u00eda todos sus productos<\/strong> a todo el mundo.<br \/>\n<strong>Opci\u00f3n 1<\/strong>: Puede elegir la entrega a trav\u00e9s de <strong>Correos de Eslovenia con carta certificada<\/strong> (debe firmar el paquete en el momento de la entrega; el c\u00f3digo de seguimiento de su env\u00edo est\u00e1 disponible a petici\u00f3n).<br \/>\nPara pa\u00edses fuera de la Uni\u00f3n Europea, el coste del embalaje y de la entrega es de<strong> 8 eur<\/strong>. Tenga en cuenta que con este tipo de env\u00edo no podemos proporcionar seguro o compensaci\u00f3n si el paquete se pierde o se da\u00f1a.<\/span><\/p>\n<p><img class=\" wp-image-5083 alignright\" style=\"font-size: 14px;\" src=\"https:\/\/dolgoziv.si\/wp-content\/uploads\/2019\/05\/acw_dhlexpress_4.png\" alt=\"\" width=\"150\" height=\"71\" \/><\/p>\n<p><span style=\"font-size: 14px;\"><strong>Opci\u00f3n 2<\/strong>: Entrega por <strong>DHL<\/strong>. Despu\u00e9s de introducir su direcci\u00f3n exacta en el proceso de compra, se calcular\u00e1 el coste de env\u00edo.<\/span><\/p>\n<p><span style=\"font-size: 14px;\">Para ambas opciones de entrega, por favor, <strong>tenga en cuenta que usted sigue siendo responsable de los posibles gastos de aduana o impuestos que se puedan aplicar al pedido en su pa\u00eds<\/strong>. La legislaci\u00f3n es diferente para cada pa\u00eds y es imposible para nosotros hacer un seguimiento de todos ellos, por lo que le rogamos que compruebe qu\u00e9 impuestos o derechos de aduana pueden aplicarse en su pa\u00eds cuando compre complementos alimenticios en el extranjero.<\/span>[\/vc_column_text][\/vc_column][vc_column width=&#8221;1\/12&#8243;][\/vc_column][vc_column width=&#8221;4\/12&#8243;][vc_column_text]<\/p>\n<h4 style=\"font-family: Georgia, 'Times New Roman', 'Bitstream Charter', Times, serif; color: #333333;\"><span style=\"font-size: 14pt;\"><strong>\u00a1Dolgoziv.si le da la bienvenida a clients espa\u00f1oles!<\/strong><\/span><\/h4>\n<p>Estamos emocionados de hacerles saber que dolgoziv.si est\u00e1 ahora disponible en Espa\u00f1ol y hacemos env\u00edos a Espa\u00f1a.<\/p>\n<p><span style=\"font-size: 14px;\"><img class=\"aligncenter size-full wp-image-5277\" src=\"https:\/\/dolgoziv.si\/wp-content\/uploads\/2019\/07\/200px-Flag_of_Spain.svg.png\" alt=\"\" width=\"200\" height=\"133\" \/>Todos los productos que est\u00e1n en stock ser\u00e1n enviados al d\u00eda siguiente de recibir el pago. Si el producto est\u00e1 agotado, le informaremos por correo electr\u00f3nico cuando se env\u00ede el producto. El tiempo estimado de entrega var\u00eda de 4 a 10 d\u00edas, dependiendo de su ubicaci\u00f3n. Entregamos todos los paquetes a trav\u00e9s de correo postal de Eslovenia con carta certificada (debe firmar el paquete en el momento de la entrega; el c\u00f3digo de seguimiento de su env\u00edo est\u00e1 disponible a petici\u00f3n).<br \/>\n<\/span><\/p>\n<p>El costo de empaquetado y env\u00edo a Espa\u00f1a es de <strong>solo 5 euros<\/strong>.[\/vc_column_text][\/vc_column][vc_column width=&#8221;1\/12&#8243;][\/vc_column][vc_column width=&#8221;2\/12&#8243;][vc_column_text]<span style=\"font-size: 14px;\">Ofrecemos pago seguro por:<\/span><\/p>\n<ul>\n<li><span style=\"font-size: 14px;\">PayPal<\/span><\/li>\n<li><span style=\"font-size: 14px;\">Tarjetas de Cr\u00e9dito (procesadas de manera segura por PayPal \u2013 no necesita una cuenta PayPal)<\/span><\/li>\n<li><span style=\"font-size: 14px;\">Transferencia a nuestra Cuenta Bancaria<\/span><\/li>\n<\/ul>\n<p><span style=\"font-size: 14px;\"><img class=\"size-full wp-image-3454 aligncenter\" src=\"https:\/\/dolgoziv.si\/wp-content\/uploads\/2017\/09\/paypal_credit_cards_dolgoziv.jpg\" sizes=\"(max-width: 200px) 100vw, 200px\" srcset=\"https:\/\/dolgoziv.si\/wp-content\/uploads\/2017\/09\/paypal_credit_cards_dolgoziv.jpg 200w, https:\/\/dolgoziv.si\/wp-content\/uploads\/2017\/09\/paypal_credit_cards_dolgoziv-180x93.jpg 180w\" alt=\"\" width=\"200\" height=\"103\" \/><\/span><\/p>\n<p><span style=\"font-size: 14px;\">Compre tranquilo \u2013 somos un vendedor en l\u00ednea establecido y tenemos un record perfecto de suministrar el mejor soporte a nuestros clientes.<\/span>[\/vc_column_text][\/vc_column][\/vc_row][vc_row][vc_column][vc_empty_space height=&#8221;30px&#8221;][vc_tta_tabs][vc_tta_section i_icon_fontawesome=&#8221;&#8221; add_icon=&#8221;true&#8221; title=&#8221;Mejores Productos&#8221; tab_id=&#8221;1515419645038-30acce24-2687518f-d1ce&#8221;]<div class=\"woocommerce columns-4 \"><ul class=\"products products-container grid pcols-lg-4 pcols-md-3 pcols-xs-3 pcols-ls-2 pwidth-lg-4 pwidth-md-3 pwidth-xs-2 pwidth-ls-1 is-shortcode\"\n\t data-product_layout=\"product-outimage\">\n\n<li class=\"product-col product-outimage product type-product post-5235 status-publish first instock product_cat-uncategorized-sl has-post-thumbnail sale featured taxable shipping-taxable purchasable product-type-variable has-default-attributes\">\n<div class=\"product-inner\">\n\t\n\t<div class=\"product-image\">\n\n\t\t<a  href=\"https:\/\/dolgoziv.si\/es\/izdelek\/rens-h-complemento-alimenticio\/\">\n\t\t\t<div class=\"inner\"><img width=\"300\" height=\"300\" src=\"https:\/\/dolgoziv.si\/wp-content\/uploads\/2021\/09\/RENS_H_nova_steklenicka-1-300x300.png\" class=\" wp-post-image\" alt=\"\" loading=\"lazy\" \/><\/div>\t\t<\/a>\n\t\t<\/div>\n\n\t<div class=\"product-content\">\n\t\t<span class=\"category-list\"><a href=\"https:\/\/dolgoziv.si\/izdelki-kategorija\/uncategorized-sl\/\" rel=\"tag\">Uncategorized @sl<\/a><\/span>\n\t\t\t<a class=\"product-loop-title\"  href=\"https:\/\/dolgoziv.si\/es\/izdelek\/rens-h-complemento-alimenticio\/\">\n\t<h3 class=\"woocommerce-loop-product__title\">RENS H &#8211; complemento alimenticio<\/h3>\t<\/a>\n\t\n\t\t\n\t\t\t<\/div>\n<\/div>\n<\/li>\n\n<li class=\"product-col product-outimage product type-product post-5250 status-publish instock product_cat-uncategorized-sl has-post-thumbnail taxable shipping-taxable purchasable product-type-variable\">\n<div class=\"product-inner\">\n\t\n\t<div class=\"product-image\">\n\n\t\t<a  href=\"https:\/\/dolgoziv.si\/es\/izdelek\/rens-hh-plus-complemento-alimenticio\/\">\n\t\t\t<div class=\"inner\"><img width=\"300\" height=\"300\" src=\"https:\/\/dolgoziv.si\/wp-content\/uploads\/2017\/07\/RENS-HH-PLUS-300x300.png\" class=\" wp-post-image\" alt=\"\" loading=\"lazy\" \/><\/div>\t\t<\/a>\n\t\t<\/div>\n\n\t<div class=\"product-content\">\n\t\t<span class=\"category-list\"><a href=\"https:\/\/dolgoziv.si\/izdelki-kategorija\/uncategorized-sl\/\" rel=\"tag\">Uncategorized @sl<\/a><\/span>\n\t\t\t<a class=\"product-loop-title\"  href=\"https:\/\/dolgoziv.si\/es\/izdelek\/rens-hh-plus-complemento-alimenticio\/\">\n\t<h3 class=\"woocommerce-loop-product__title\">RENS HH PLUS &#8211; complemento alimenticio<\/h3>\t<\/a>\n\t\n\t\t\n\t\t\t<\/div>\n<\/div>\n<\/li>\n\n<li class=\"product-col product-outimage product type-product post-5243 status-publish instock product_cat-uncategorized-sl has-post-thumbnail featured taxable shipping-taxable purchasable product-type-simple\">\n<div class=\"product-inner\">\n\t\n\t<div class=\"product-image\">\n\n\t\t<a  href=\"https:\/\/dolgoziv.si\/es\/izdelek\/rens-h-bk-complemento-alimenticio-para-ninos-grandes\/\">\n\t\t\t<div class=\"inner\"><img width=\"300\" height=\"300\" src=\"https:\/\/dolgoziv.si\/wp-content\/uploads\/2017\/07\/RENS-H-BK-300x300.png\" class=\" wp-post-image\" alt=\"\" loading=\"lazy\" \/><\/div>\t\t<\/a>\n\t\t<\/div>\n\n\t<div class=\"product-content\">\n\t\t<span class=\"category-list\"><a href=\"https:\/\/dolgoziv.si\/izdelki-kategorija\/uncategorized-sl\/\" rel=\"tag\">Uncategorized @sl<\/a><\/span>\n\t\t\t<a class=\"product-loop-title\"  href=\"https:\/\/dolgoziv.si\/es\/izdelek\/rens-h-bk-complemento-alimenticio-para-ninos-grandes\/\">\n\t<h3 class=\"woocommerce-loop-product__title\">RENS H BK &#8211; complemento alimenticio para ni\u00f1os grandes<\/h3>\t<\/a>\n\t\n\t\t\n\t\t\t<\/div>\n<\/div>\n<\/li>\n\n<li class=\"product-col product-outimage product type-product post-5246 status-publish last instock product_cat-uncategorized-sl has-post-thumbnail featured taxable shipping-taxable purchasable product-type-simple\">\n<div class=\"product-inner\">\n\t\n\t<div class=\"product-image\">\n\n\t\t<a  href=\"https:\/\/dolgoziv.si\/es\/izdelek\/rens-h-jk-complemento-alimenticio-para-ninos-pequenos\/\">\n\t\t\t<div class=\"inner\"><img width=\"300\" height=\"300\" src=\"https:\/\/dolgoziv.si\/wp-content\/uploads\/2020\/05\/RENS-H-JK-300x300.png\" class=\" wp-post-image\" alt=\"\" loading=\"lazy\" \/><\/div>\t\t<\/a>\n\t\t<\/div>\n\n\t<div class=\"product-content\">\n\t\t<span class=\"category-list\"><a href=\"https:\/\/dolgoziv.si\/izdelki-kategorija\/uncategorized-sl\/\" rel=\"tag\">Uncategorized @sl<\/a><\/span>\n\t\t\t<a class=\"product-loop-title\"  href=\"https:\/\/dolgoziv.si\/es\/izdelek\/rens-h-jk-complemento-alimenticio-para-ninos-pequenos\/\">\n\t<h3 class=\"woocommerce-loop-product__title\">RENS H JK &#8211; complemento alimenticio para ni\u00f1os peque\u00f1os<\/h3>\t<\/a>\n\t\n\t\t\n\t\t\t<\/div>\n<\/div>\n<\/li>\n<\/ul>\n<\/div>[\/vc_tta_section][\/vc_tta_tabs][\/vc_column][\/vc_row]<\/p>\n","protected":false},"excerpt":{"rendered":"<p>[vc_row equal_height=&#8221;yes&#8221;][vc_column width=&#8221;4\/12&#8243;][vc_column_text] \u00a1Entrega en todo el mundo! Estamos muy contentos de informarle que dolgoziv.si ahora env\u00eda todos sus productos a todo el mundo. Opci\u00f3n 1: Puede elegir la entrega a trav\u00e9s de Correos de Eslovenia con carta certificada (debe firmar el paquete en el momento de la entrega; el c\u00f3digo de seguimiento de su [&hellip;]<\/p>\n","protected":false},"author":1,"featured_media":0,"parent":0,"menu_order":0,"comment_status":"closed","ping_status":"closed","template":"","meta":[],"_links":{"self":[{"href":"https:\/\/dolgoziv.si\/es\/wp-json\/wp\/v2\/pages\/5256"}],"collection":[{"href":"https:\/\/dolgoziv.si\/es\/wp-json\/wp\/v2\/pages"}],"about":[{"href":"https:\/\/dolgoziv.si\/es\/wp-json\/wp\/v2\/types\/page"}],"author":[{"embeddable":true,"href":"https:\/\/dolgoziv.si\/es\/wp-json\/wp\/v2\/users\/1"}],"replies":[{"embeddable":true,"href":"https:\/\/dolgoziv.si\/es\/wp-json\/wp\/v2\/comments?post=5256"}],"version-history":[{"count":0,"href":"https:\/\/dolgoziv.si\/es\/wp-json\/wp\/v2\/pages\/5256\/revisions"}],"wp:attachment":[{"href":"https:\/\/dolgoziv.si\/es\/wp-json\/wp\/v2\/media?parent=5256"}],"curies":[{"name":"wp","href":"https:\/\/api.w.org\/{rel}","templated":true}]}}