{"id":5243,"date":"2017-07-06T19:59:19","date_gmt":"2019-07-04T08:39:50","guid":{"rendered":"https:\/\/dolgoziv.si\/?post_type=product&#038;p=5243"},"modified":"2019-07-24T08:49:45","modified_gmt":"2019-07-24T06:49:45","slug":"rens-h-bk-complemento-alimenticio-para-ninos-grandes","status":"publish","type":"product","link":"https:\/\/dolgoziv.si\/es\/izdelek\/rens-h-bk-complemento-alimenticio-para-ninos-grandes\/","title":{"rendered":"RENS H BK &#8211; complemento alimenticio para ni\u00f1os grandes"},"content":{"rendered":"<p>RENS H BK significa Suplemento Natural Efecto R\u00e1pido (Rapid Effect Natural Supplement). El autor de RENS H es el inventor <strong>Sr. Zoran Dernov\u0161ek<\/strong>.<\/p>\n<p>La f\u00f3rmula de RENS H BK se compone de ingredientes 100% naturales, cuyo origen se controla para su pureza.<\/p>\n<h4>INGREDIENTES<\/h4>\n<ul>\n<li>algas verdes y sus extractos<\/li>\n<li>algas azules y sus extractos<\/li>\n<li>algas rojas y sus extractos<\/li>\n<li>clorof\u00edlica<\/li>\n<li>aceite de oliva virgen extra<\/li>\n<\/ul>\n<p>Dosis diaria recomendada:<\/p>\n<ul>\n<li><strong>Dosis diaria recomendada para ni\u00f1os grandes de 20 a 50 kg: 1 gota por cada 7 kg de peso.<\/strong><\/li>\n<\/ul>\n<p>Instrucciones de uso:<\/p>\n<ul>\n<li><strong>Agite el frasco con fuerza y luego dosifique las gotas en su dedo. Aplique la soluci\u00f3n en las enc\u00edas o debajo de la lengua. Si las gotas no est\u00e1n oscuras, no agit\u00f3 la botella lo suficiente.<\/strong><\/li>\n<\/ul>\n<p>&nbsp;<\/p>\n<p>Operador de empresa alimentaria:<\/p>\n<ul>\n<li>Distribuidor: Antrakade d.o.o., Jezdarska ulica 2, 2000 Maribor, Eslovenia, UE (webshop dolgoziv.si)<\/li>\n<\/ul>\n<p>Pa\u00eds de origen:<\/p>\n<ul>\n<li>Made in EU (Distribuidor general: Rens Vit d.o.o., Liubliana, Eslovenia, UE)<\/li>\n<\/ul>\n<p>La dosis diaria recomendada no debe ser excedida. Mantenga este medicamento fuera del alcance de los ni\u00f1os. Almacenar a temperatura ambiente. Los suplementos alimenticios no reemplazan una dieta saludable.<\/p>\n","protected":false},"excerpt":{"rendered":"<p><img class=\"alignnone size-full wp-image-2699\" src=\"https:\/\/dolgoziv.si\/wp-content\/uploads\/2016\/04\/sticker-antarktic9.jpg\" alt=\"\" width=\"554\" height=\"65\" \/><\/p>\n<p>Embalaje: RENS H BK est\u00e1 disponible en frascos de 20 ml.<\/p>\n<p>Tambi\u00e9n est\u00e1 disponible:<\/p>\n<ul>\n<li><a href=\"https:\/\/dolgoziv.si\/es\/producto\/rens-h-jk-complemento-alimenticio-para-ninos-pequenos\/\"><strong>RENS H JK<\/strong><\/a> para ni\u00f1os peque\u00f1os<\/li>\n<li><a href=\"https:\/\/dolgoziv.si\/es\/producto\/rens-h-complemento-alimenticio\/\"><strong>RENS H<\/strong><\/a> para adultos y<\/li>\n<li><a href=\"https:\/\/dolgoziv.si\/es\/producto\/rens-hh-plus-complemento-alimenticio\/\"><strong>RENS HH PLUS<\/strong><\/a> para adultos.<\/li>\n<\/ul>\n<p>El complemento alimenticio RENS H BK debe utilizarse con fines preventivos.<\/p>\n","protected":false},"featured_media":7848,"comment_status":"open","ping_status":"closed","template":"","meta":[],"product_cat":[123],"product_tag":[],"_links":{"self":[{"href":"https:\/\/dolgoziv.si\/es\/wp-json\/wp\/v2\/product\/5243"}],"collection":[{"href":"https:\/\/dolgoziv.si\/es\/wp-json\/wp\/v2\/product"}],"about":[{"href":"https:\/\/dolgoziv.si\/es\/wp-json\/wp\/v2\/types\/product"}],"replies":[{"embeddable":true,"href":"https:\/\/dolgoziv.si\/es\/wp-json\/wp\/v2\/comments?post=5243"}],"wp:featuredmedia":[{"embeddable":true,"href":"https:\/\/dolgoziv.si\/es\/wp-json\/wp\/v2\/media\/7848"}],"wp:attachment":[{"href":"https:\/\/dolgoziv.si\/es\/wp-json\/wp\/v2\/media?parent=5243"}],"wp:term":[{"taxonomy":"product_cat","embeddable":true,"href":"https:\/\/dolgoziv.si\/es\/wp-json\/wp\/v2\/product_cat?post=5243"},{"taxonomy":"product_tag","embeddable":true,"href":"https:\/\/dolgoziv.si\/es\/wp-json\/wp\/v2\/product_tag?post=5243"}],"curies":[{"name":"wp","href":"https:\/\/api.w.org\/{rel}","templated":true}]}}